{"id":574,"date":"2025-11-26T18:16:39","date_gmt":"2025-11-26T21:16:39","guid":{"rendered":"https:\/\/grupostudio93.com.br\/grupostudio93\/?page_id=574"},"modified":"2026-03-10T14:47:43","modified_gmt":"2026-03-10T17:47:43","slug":"cameras-ao-vivo","status":"publish","type":"page","link":"https:\/\/grupostudio93.com.br\/grupostudio93\/cameras-ao-vivo\/","title":{"rendered":"C\u00e3meras ao vivo"},"content":{"rendered":"<style>.elementor-574 .elementor-element.elementor-element-fc1ca11{--display:flex;--flex-direction:column;--container-widget-width:100%;--container-widget-height:initial;--container-widget-flex-grow:0;--container-widget-align-self:initial;--flex-wrap-mobile:wrap;}.elementor-574 .elementor-element.elementor-element-5fb1e4a{--display:flex;--flex-direction:row;--container-widget-width:calc( ( 1 - var( --container-widget-flex-grow ) ) * 100% );--container-widget-height:100%;--container-widget-flex-grow:1;--container-widget-align-self:stretch;--flex-wrap-mobile:wrap;--align-items:stretch;--gap:10px 10px;--row-gap:10px;--column-gap:10px;--overlay-opacity:0.12;--margin-top:-122px;--margin-bottom:0px;--margin-left:0px;--margin-right:0px;--padding-top:0200px;--padding-bottom:200px;--padding-left:0px;--padding-right:0px;}.elementor-574 .elementor-element.elementor-element-5fb1e4a:not(.elementor-motion-effects-element-type-background), .elementor-574 .elementor-element.elementor-element-5fb1e4a > .elementor-motion-effects-container > .elementor-motion-effects-layer{background-image:url(\"https:\/\/grupostudio93.com.br\/grupostudio93\/wp-content\/uploads\/2025\/11\/WhatsApp-Image-2025-11-25-at-13.49.23.jpeg\");background-position:center center;background-repeat:no-repeat;background-size:cover;}.elementor-574 .elementor-element.elementor-element-5fb1e4a::before, .elementor-574 .elementor-element.elementor-element-5fb1e4a > .elementor-background-video-container::before, .elementor-574 .elementor-element.elementor-element-5fb1e4a > .e-con-inner > .elementor-background-video-container::before, .elementor-574 .elementor-element.elementor-element-5fb1e4a > .elementor-background-slideshow::before, .elementor-574 .elementor-element.elementor-element-5fb1e4a > .e-con-inner > .elementor-background-slideshow::before, .elementor-574 .elementor-element.elementor-element-5fb1e4a > .elementor-motion-effects-container > .elementor-motion-effects-layer::before{background-color:var( --e-global-color-9d414ef );--background-overlay:'';}.elementor-574 .elementor-element.elementor-element-4d9069f{--display:flex;--gap:0px 0px;--row-gap:0px;--column-gap:0px;--margin-top:0px;--margin-bottom:0px;--margin-left:0px;--margin-right:0px;--padding-top:0px;--padding-bottom:0px;--padding-left:0px;--padding-right:0px;}.elementor-574 .elementor-element.elementor-element-3c0e5a5{text-align:center;}.elementor-574 .elementor-element.elementor-element-3c0e5a5 .elementor-heading-title{font-family:var( --e-global-typography-79cd2c1-font-family ), Sans-serif;font-size:var( --e-global-typography-79cd2c1-font-size );font-weight:var( --e-global-typography-79cd2c1-font-weight );text-transform:var( --e-global-typography-79cd2c1-text-transform );line-height:var( --e-global-typography-79cd2c1-line-height );color:#FFFFFF;}.elementor-574 .elementor-element.elementor-element-3013b70{--display:flex;--flex-direction:row;--container-widget-width:calc( ( 1 - var( --container-widget-flex-grow ) ) * 100% );--container-widget-height:100%;--container-widget-flex-grow:1;--container-widget-align-self:stretch;--flex-wrap-mobile:wrap;--align-items:stretch;--gap:0px 0px;--row-gap:0px;--column-gap:0px;--overlay-mix-blend-mode:multiply;--margin-top:100px;--margin-bottom:100px;--margin-left:0px;--margin-right:0px;--padding-top:0px;--padding-bottom:0px;--padding-left:0px;--padding-right:0px;}.elementor-574 .elementor-element.elementor-element-3013b70::before, .elementor-574 .elementor-element.elementor-element-3013b70 > .elementor-background-video-container::before, .elementor-574 .elementor-element.elementor-element-3013b70 > .e-con-inner > .elementor-background-video-container::before, .elementor-574 .elementor-element.elementor-element-3013b70 > .elementor-background-slideshow::before, .elementor-574 .elementor-element.elementor-element-3013b70 > .e-con-inner > .elementor-background-slideshow::before, .elementor-574 .elementor-element.elementor-element-3013b70 > .elementor-motion-effects-container > .elementor-motion-effects-layer::before{background-color:transparent;--background-overlay:'';background-image:linear-gradient(200deg, #A40086 0%, #FFF300B3 100%);}.elementor-574 .elementor-element.elementor-element-3013b70::before{filter:brightness( 100% ) contrast( 100% ) saturate( 100% ) blur( 0px ) hue-rotate( 0deg );}.elementor-574 .elementor-element.elementor-element-cf9f325{--display:flex;--gap:0px 0px;--row-gap:0px;--column-gap:0px;--margin-top:0px;--margin-bottom:0px;--margin-left:0px;--margin-right:0px;--padding-top:100px;--padding-bottom:100px;--padding-left:50px;--padding-right:50px;}.elementor-574 .elementor-element.elementor-element-cf9f325:not(.elementor-motion-effects-element-type-background), .elementor-574 .elementor-element.elementor-element-cf9f325 > .elementor-motion-effects-container > .elementor-motion-effects-layer{background-image:url(\"https:\/\/grupostudio93.com.br\/grupostudio93\/wp-content\/uploads\/2025\/11\/Group-1592-2.png\");background-position:center center;background-repeat:no-repeat;background-size:cover;}.elementor-574 .elementor-element.elementor-element-ff6f960{--display:flex;--flex-direction:row;--container-widget-width:calc( ( 1 - var( --container-widget-flex-grow ) ) * 100% );--container-widget-height:100%;--container-widget-flex-grow:1;--container-widget-align-self:stretch;--flex-wrap-mobile:wrap;--align-items:stretch;--gap:10px 10px;--row-gap:10px;--column-gap:10px;--margin-top:0px;--margin-bottom:0px;--margin-left:0px;--margin-right:0px;--padding-top:0px;--padding-bottom:0px;--padding-left:0px;--padding-right:0px;}.elementor-574 .elementor-element.elementor-element-7a24ce9{--display:flex;--gap:0px 0px;--row-gap:0px;--column-gap:0px;--margin-top:0px;--margin-bottom:0px;--margin-left:35px;--margin-right:0px;--padding-top:0px;--padding-bottom:0px;--padding-left:0px;--padding-right:0px;}.elementor-574 .elementor-element.elementor-element-8424d60{text-align:center;}.elementor-574 .elementor-element.elementor-element-8424d60 .elementor-heading-title{font-family:var( --e-global-typography-c69615f-font-family ), Sans-serif;font-size:var( --e-global-typography-c69615f-font-size );font-weight:var( --e-global-typography-c69615f-font-weight );text-transform:var( --e-global-typography-c69615f-text-transform );line-height:var( --e-global-typography-c69615f-line-height );color:var( --e-global-color-secondary );}.elementor-574 .elementor-element.elementor-element-dcce6e4{margin:0px 0px calc(var(--kit-widget-spacing, 0px) + 0px) 0px;padding:20px 180px 0px 180px;text-align:center;color:var( --e-global-color-secondary );}.elementor-574 .elementor-element.elementor-element-f65e1d5{--display:flex;--flex-direction:row;--container-widget-width:calc( ( 1 - var( --container-widget-flex-grow ) ) * 100% );--container-widget-height:100%;--container-widget-flex-grow:1;--container-widget-align-self:stretch;--flex-wrap-mobile:wrap;--align-items:stretch;--gap:10px 10px;--row-gap:10px;--column-gap:10px;--margin-top:20px;--margin-bottom:50px;--margin-left:0px;--margin-right:0px;--padding-top:0px;--padding-bottom:0px;--padding-left:0px;--padding-right:0px;}.elementor-574 .elementor-element.elementor-element-36197e3{--display:flex;--justify-content:flex-end;--gap:0px 0px;--row-gap:0px;--column-gap:0px;--overlay-opacity:0.55;--border-radius:60px 60px 60px 60px;--margin-top:0px;--margin-bottom:0px;--margin-left:0px;--margin-right:20px;--padding-top:0px;--padding-bottom:0px;--padding-left:0px;--padding-right:0px;}.elementor-574 .elementor-element.elementor-element-36197e3::before, .elementor-574 .elementor-element.elementor-element-36197e3 > .elementor-background-video-container::before, .elementor-574 .elementor-element.elementor-element-36197e3 > .e-con-inner > .elementor-background-video-container::before, .elementor-574 .elementor-element.elementor-element-36197e3 > .elementor-background-slideshow::before, .elementor-574 .elementor-element.elementor-element-36197e3 > .e-con-inner > .elementor-background-slideshow::before, .elementor-574 .elementor-element.elementor-element-36197e3 > .elementor-motion-effects-container > .elementor-motion-effects-layer::before{background-color:var( --e-global-color-78eda9f );--background-overlay:'';}.elementor-574 .elementor-element.elementor-element-36197e3.e-con{--flex-grow:0;--flex-shrink:0;}.elementor-574 .elementor-element.elementor-element-fa529dc{--spacer-size:300px;width:var( --container-widget-width, 7% );max-width:7%;background-color:transparent;margin:0px 0px calc(var(--kit-widget-spacing, 0px) + 0px) 0px;padding:0px 0px 0px 0px;--container-widget-width:7%;--container-widget-flex-grow:0;top:179px;background-image:linear-gradient(180deg, #A40086 0%, #FF9F00 100%);border-radius:60px 60px 60px 60px;}.elementor-574 .elementor-element.elementor-element-fa529dc.elementor-element{--flex-grow:0;--flex-shrink:0;}body:not(.rtl) .elementor-574 .elementor-element.elementor-element-fa529dc{left:-85px;}body.rtl .elementor-574 .elementor-element.elementor-element-fa529dc{right:-85px;}.elementor-574 .elementor-element.elementor-element-12ebc53{--spacer-size:70px;width:var( --container-widget-width, 7% );max-width:7%;background-color:transparent;margin:0px 0px calc(var(--kit-widget-spacing, 0px) + 0px) 0px;padding:0px 0px 0px 0px;--container-widget-width:7%;--container-widget-flex-grow:0;top:490px;background-image:linear-gradient(180deg, #A40086 0%, #FF9F00 100%);border-radius:60px 60px 60px 60px;}.elementor-574 .elementor-element.elementor-element-12ebc53.elementor-element{--flex-grow:0;--flex-shrink:0;}body:not(.rtl) .elementor-574 .elementor-element.elementor-element-12ebc53{left:-85px;}body.rtl .elementor-574 .elementor-element.elementor-element-12ebc53{right:-85px;}.elementor-574 .elementor-element.elementor-element-19d44be{--spacer-size:70px;width:var( --container-widget-width, 7% );max-width:7%;background-color:transparent;margin:0px 0px calc(var(--kit-widget-spacing, 0px) + 0px) 0px;padding:0px 0px 0px 0px;--container-widget-width:7%;--container-widget-flex-grow:0;top:99px;background-image:linear-gradient(180deg, #A40086 0%, #FF9F00 100%);border-radius:60px 60px 60px 60px;}.elementor-574 .elementor-element.elementor-element-19d44be.elementor-element{--flex-grow:0;--flex-shrink:0;}body:not(.rtl) .elementor-574 .elementor-element.elementor-element-19d44be{left:-85px;}body.rtl .elementor-574 .elementor-element.elementor-element-19d44be{right:-85px;}@media(max-width:1116px) and (min-width:768px){.elementor-574 .elementor-element.elementor-element-7a24ce9{--width:100%;}.elementor-574 .elementor-element.elementor-element-36197e3{--width:99.5%;}}@media(max-width:1116px){.elementor-574 .elementor-element.elementor-element-5fb1e4a{--margin-top:0px;--margin-bottom:0px;--margin-left:0px;--margin-right:0px;--padding-top:150px;--padding-bottom:120px;--padding-left:0px;--padding-right:0px;}.elementor-574 .elementor-element.elementor-element-3c0e5a5 .elementor-heading-title{font-size:var( --e-global-typography-79cd2c1-font-size );line-height:var( --e-global-typography-79cd2c1-line-height );}.elementor-574 .elementor-element.elementor-element-3013b70{--margin-top:0px;--margin-bottom:0px;--margin-left:0px;--margin-right:0px;--padding-top:70px;--padding-bottom:70px;--padding-left:20px;--padding-right:20px;}.elementor-574 .elementor-element.elementor-element-cf9f325{--gap:0px 0px;--row-gap:0px;--column-gap:0px;--margin-top:0px;--margin-bottom:0px;--margin-left:0px;--margin-right:0px;--padding-top:0px;--padding-bottom:0px;--padding-left:0px;--padding-right:0px;}.elementor-574 .elementor-element.elementor-element-ff6f960{--margin-top:0px;--margin-bottom:0px;--margin-left:0px;--margin-right:0px;--padding-top:0px;--padding-bottom:0px;--padding-left:0px;--padding-right:0px;}.elementor-574 .elementor-element.elementor-element-7a24ce9{--gap:0px 0px;--row-gap:0px;--column-gap:0px;--margin-top:0px;--margin-bottom:0px;--margin-left:0px;--margin-right:0px;--padding-top:0px;--padding-bottom:0px;--padding-left:0px;--padding-right:0px;}.elementor-574 .elementor-element.elementor-element-8424d60{margin:0px 0px calc(var(--kit-widget-spacing, 0px) + 0px) 0px;padding:0px 0px 0px 0px;}.elementor-574 .elementor-element.elementor-element-8424d60 .elementor-heading-title{font-size:var( --e-global-typography-c69615f-font-size );line-height:var( --e-global-typography-c69615f-line-height );}.elementor-574 .elementor-element.elementor-element-dcce6e4{margin:0px 0px calc(var(--kit-widget-spacing, 0px) + 0px) 0px;padding:0px 100px 0px 100px;}.elementor-574 .elementor-element.elementor-element-f65e1d5{--margin-top:20px;--margin-bottom:0px;--margin-left:0px;--margin-right:0px;--padding-top:0px;--padding-bottom:0px;--padding-left:0px;--padding-right:0px;--z-index:0;}.elementor-574 .elementor-element.elementor-element-36197e3{--gap:0px 0px;--row-gap:0px;--column-gap:0px;--margin-top:0px;--margin-bottom:0px;--margin-left:0px;--margin-right:10px;--padding-top:0px;--padding-bottom:0px;--padding-left:0px;--padding-right:0px;}}@media(max-width:767px){.elementor-574 .elementor-element.elementor-element-5fb1e4a{--margin-top:0px;--margin-bottom:0px;--margin-left:0px;--margin-right:0px;--padding-top:150px;--padding-bottom:100px;--padding-left:0px;--padding-right:0px;}.elementor-574 .elementor-element.elementor-element-3c0e5a5{margin:0px 20px calc(var(--kit-widget-spacing, 0px) + 0px) 20px;padding:0px 0px 0px 0px;}.elementor-574 .elementor-element.elementor-element-3c0e5a5 .elementor-heading-title{font-size:var( --e-global-typography-79cd2c1-font-size );line-height:var( --e-global-typography-79cd2c1-line-height );}.elementor-574 .elementor-element.elementor-element-3013b70{--margin-top:0px;--margin-bottom:0px;--margin-left:0px;--margin-right:0px;--padding-top:50px;--padding-bottom:50px;--padding-left:20px;--padding-right:20px;}.elementor-574 .elementor-element.elementor-element-cf9f325{--padding-top:0px;--padding-bottom:0px;--padding-left:0px;--padding-right:0px;}.elementor-574 .elementor-element.elementor-element-8424d60 .elementor-heading-title{font-size:var( --e-global-typography-c69615f-font-size );line-height:var( --e-global-typography-c69615f-line-height );}.elementor-574 .elementor-element.elementor-element-dcce6e4{margin:0px 0px calc(var(--kit-widget-spacing, 0px) + 0px) 0px;padding:10px 0px 0px 0px;}.elementor-574 .elementor-element.elementor-element-f65e1d5{--margin-top:20px;--margin-bottom:0px;--margin-left:0px;--margin-right:0px;--padding-top:0px;--padding-bottom:0px;--padding-left:0px;--padding-right:0px;}.elementor-574 .elementor-element.elementor-element-36197e3{--gap:0px 0px;--row-gap:0px;--column-gap:0px;--margin-top:0px;--margin-bottom:0px;--margin-left:0px;--margin-right:0px;--padding-top:0px;--padding-bottom:0px;--padding-left:0px;--padding-right:0px;}}<\/style>\t\t<div data-elementor-type=\"wp-page\" data-elementor-id=\"574\" class=\"elementor elementor-574\" data-elementor-settings=\"{&quot;jkit_pro_custom_cursor_toggle&quot;:false}\" data-elementor-post-type=\"page\">\n\t\t\t\t<div class=\"elementor-element elementor-element-fc1ca11 e-flex e-con-boxed e-con e-parent\" data-id=\"fc1ca11\" data-element_type=\"container\" data-settings=\"{&quot;jkit_pro_background_motion_effects_toggle&quot;:0,&quot;jkit_pro_custom_cursor_toggle&quot;:false,&quot;jkit_pro_parallax_effects_toggle&quot;:0,&quot;jkit_pro_mouse_effects_toggle&quot;:0}\">\n\t\t\t\t\t<div class=\"e-con-inner\">\n\t\t\t\t\t<\/div>\n\t\t\t\t<\/div>\n\t\t<div class=\"elementor-element elementor-element-5fb1e4a e-con-full e-flex e-con e-parent\" data-id=\"5fb1e4a\" data-element_type=\"container\" data-settings=\"{&quot;background_background&quot;:&quot;classic&quot;,&quot;jkit_pro_background_motion_effects_toggle&quot;:0,&quot;jkit_pro_custom_cursor_toggle&quot;:false,&quot;jkit_pro_parallax_effects_toggle&quot;:0,&quot;jkit_pro_mouse_effects_toggle&quot;:0}\">\n\t\t<div class=\"elementor-element elementor-element-4d9069f e-con-full e-flex elementor-invisible e-con e-child\" data-id=\"4d9069f\" data-element_type=\"container\" data-settings=\"{&quot;animation&quot;:&quot;fadeIn&quot;,&quot;jkit_pro_background_motion_effects_toggle&quot;:0,&quot;jkit_pro_custom_cursor_toggle&quot;:false,&quot;jkit_pro_parallax_effects_toggle&quot;:0,&quot;jkit_pro_mouse_effects_toggle&quot;:0}\">\n\t\t\t\t<div class=\"elementor-element elementor-element-3c0e5a5 elementor-widget elementor-widget-heading\" data-id=\"3c0e5a5\" data-element_type=\"widget\" data-widget_type=\"heading.default\">\n\t\t\t\t\t<h2 class=\"elementor-heading-title elementor-size-default\">C\u00e2meras ao vivo<\/h2>\t\t\t\t<\/div>\n\t\t\t\t<\/div>\n\t\t\t\t<\/div>\n\t\t<div class=\"elementor-element elementor-element-3013b70 e-flex e-con-boxed e-con e-parent\" data-id=\"3013b70\" data-element_type=\"container\" data-settings=\"{&quot;background_background&quot;:&quot;classic&quot;,&quot;jkit_pro_background_motion_effects_toggle&quot;:0,&quot;jkit_pro_custom_cursor_toggle&quot;:false,&quot;jkit_pro_parallax_effects_toggle&quot;:0,&quot;jkit_pro_mouse_effects_toggle&quot;:0}\">\n\t\t\t\t\t<div class=\"e-con-inner\">\n\t\t<div class=\"elementor-element elementor-element-cf9f325 e-con-full e-flex e-con e-child\" data-id=\"cf9f325\" data-element_type=\"container\" data-settings=\"{&quot;background_background&quot;:&quot;classic&quot;,&quot;jkit_pro_background_motion_effects_toggle&quot;:0,&quot;jkit_pro_custom_cursor_toggle&quot;:false,&quot;jkit_pro_parallax_effects_toggle&quot;:0,&quot;jkit_pro_mouse_effects_toggle&quot;:0}\">\n\t\t<div class=\"elementor-element elementor-element-ff6f960 e-con-full e-flex e-con e-child\" data-id=\"ff6f960\" data-element_type=\"container\" data-settings=\"{&quot;jkit_pro_background_motion_effects_toggle&quot;:0,&quot;jkit_pro_custom_cursor_toggle&quot;:false,&quot;jkit_pro_parallax_effects_toggle&quot;:0,&quot;jkit_pro_mouse_effects_toggle&quot;:0}\">\n\t\t<div class=\"elementor-element elementor-element-7a24ce9 e-con-full e-flex e-con e-child\" data-id=\"7a24ce9\" data-element_type=\"container\" data-settings=\"{&quot;jkit_pro_background_motion_effects_toggle&quot;:0,&quot;jkit_pro_custom_cursor_toggle&quot;:false,&quot;jkit_pro_parallax_effects_toggle&quot;:0,&quot;jkit_pro_mouse_effects_toggle&quot;:0}\">\n\t\t\t\t<div class=\"elementor-element elementor-element-8424d60 elementor-widget elementor-widget-heading\" data-id=\"8424d60\" data-element_type=\"widget\" data-widget_type=\"heading.default\">\n\t\t\t\t\t<h2 class=\"elementor-heading-title elementor-size-default\">  C\u00e2meras ao Vivo na Regi\u00e3o da Serra<\/h2>\t\t\t\t<\/div>\n\t\t\t\t<div class=\"elementor-element elementor-element-dcce6e4 elementor-widget elementor-widget-text-editor\" data-id=\"dcce6e4\" data-element_type=\"widget\" data-widget_type=\"text-editor.default\">\n\t\t\t\t\t\t\t\t\t<p>Acompanhe em tempo real as imagens de Caxias do Sul e outras \u00e1reas da Serra Ga\u00facha. Transmiss\u00e3o cont\u00ednua para voc\u00ea ficar informado sobre clima, tr\u00e2nsito e condi\u00e7\u00f5es da regi\u00e3o.<\/p>\t\t\t\t\t\t\t\t<\/div>\n\t\t<div class=\"elementor-element elementor-element-f65e1d5 e-con-full e-flex elementor-invisible e-con e-child\" data-id=\"f65e1d5\" data-element_type=\"container\" data-settings=\"{&quot;animation&quot;:&quot;fadeIn&quot;,&quot;jkit_pro_background_motion_effects_toggle&quot;:0,&quot;jkit_pro_custom_cursor_toggle&quot;:false,&quot;jkit_pro_parallax_effects_toggle&quot;:0,&quot;jkit_pro_mouse_effects_toggle&quot;:0}\">\n\t\t<div class=\"elementor-element elementor-element-36197e3 e-con-full e-flex e-con e-child\" data-id=\"36197e3\" data-element_type=\"container\" data-settings=\"{&quot;background_background&quot;:&quot;classic&quot;,&quot;jkit_pro_background_motion_effects_toggle&quot;:0,&quot;jkit_pro_custom_cursor_toggle&quot;:false,&quot;jkit_pro_parallax_effects_toggle&quot;:0,&quot;jkit_pro_mouse_effects_toggle&quot;:0}\">\n\t\t\t\t<div class=\"elementor-element elementor-element-e173705 elementor-widget elementor-widget-html\" data-id=\"e173705\" data-element_type=\"widget\" data-widget_type=\"html.default\">\n\t\t\t\t\t<script src=\"https:\/\/cdn.jsdelivr.net\/npm\/hls.js@latest\"><\/script>\r\n\r\n<style>\r\nbody{\r\n  background:#2c2c2c;\r\n  font-family:Arial, sans-serif;\r\n  color:#fff;\r\n  margin:0;\r\n  padding:20px;\r\n  text-align:center;\r\n}\r\n\r\nh1{\r\n  color:#ff7a00;\r\n  margin-bottom:30px;\r\n  font-size:2rem;\r\n}\r\n\r\n\/* GRID *\/\r\n#cameras{\r\n  display:grid;\r\n  grid-template-columns:repeat(2,1fr);\r\n  gap:20px;\r\n  max-width:1500px;\r\n  margin:auto;\r\n}\r\n\r\n\/* MOBILE *\/\r\n@media (max-width:768px){\r\n  #cameras{\r\n    grid-template-columns:1fr;\r\n  }\r\n}\r\n\r\n.camera{\r\n  background:#1a1a1a;\r\n  border-radius:12px;\r\n  padding:15px;\r\n  box-shadow:0 0 20px rgba(0,0,0,0.5);\r\n  transition:transform .2s;\r\n}\r\n\r\n.camera:hover{\r\n  transform:scale(1.02);\r\n}\r\n\r\n.camera h2{\r\n  margin-bottom:10px;\r\n  color:#ffb347;\r\n  font-size:1.3rem;\r\n}\r\n\r\nvideo{\r\n  width:100%;\r\n  max-height:480px;\r\n  border-radius:10px;\r\n  background:#000;\r\n  cursor:pointer;\r\n}\r\n<\/style>\r\n\r\n<h1>C\u00e2meras ao Vivo - JEANE<\/h1>\r\n\r\n<div id=\"cameras\"><\/div>\r\n\r\n<script>\r\n\r\nconst cameras = [\r\n\r\n{ nome:\"CAXIAS DO SUL - CENTRO\", url:\"https:\/\/tv.rbt.psi.br\/media\/n\/BZmZntmZy2GYnJu3oti2\/a\/playlist.m3u8\" },\r\n\r\n{ nome:\"CAXIAS DO SUL - PREFEITURA\", url:\"https:\/\/tv.rbt.psi.br\/media\/n\/BZmZntmZy2GYnJu3otiY\/a\/playlist.m3u8\" },\r\n\r\n{ nome:\"CAXIAS DO SUL - NORTE\", url:\"https:\/\/tv.rbt.psi.br\/media\/n\/BZmZntm1y2GZndGXmJKY\/a\/playlist.m3u8\" },\r\n\r\n{ nome:\"CAXIAS DO SUL - SUL\", url:\"https:\/\/tv.rbt.psi.br\/media\/n\/BZmZntm1y2GZndGXmJK0\/a\/playlist.m3u8\" },\r\n\r\n{ nome:\"CAXIAS DO SUL - NOROESTE\", url:\"https:\/\/tv.rbt.psi.br\/media\/n\/BZmZntm1y2GZndGXmJKW\/a\/playlist.m3u8\" },\r\n\r\n{ nome:\"CAXIAS DO SUL - OESTE\", url:\"https:\/\/tv.rbt.psi.br\/media\/n\/BZmZntm1y2GZndGXmJKZ\/a\/playlist.m3u8\" },\r\n\r\n{ nome:\"CAXIAS DO SUL - ROTA DO SOL\", url:\"https:\/\/tv.rbt.psi.br\/media\/n\/BZmZntm1y2GZndGXmJG3\/a\/playlist.m3u8\" },\r\n\r\n{ nome:\"CAXIAS DO SUL - EST\u00c1DIO ALFREDO JACONI\", url:\"https:\/\/tv.rbt.psi.br\/media\/n\/BZmZntm1y2GZndGXmJG5\/a\/playlist.m3u8\" },\r\n\r\n{ nome:\"FARROUPILHA - CARAVAGGIO\", url:\"https:\/\/tv.rbt.psi.br\/media\/n\/BZmZntm1y2GZndGXmJK1\/a\/playlist.m3u8\" },\r\n\r\n{ nome:\"NOVA PETROPOLIS - PRA\u00c7A\", url:\"https:\/\/tv.rbt.psi.br\/media\/n\/BZmZntmZy2GYmZm5nJeZ\/a\/playlist.m3u8\" },\r\n\r\n{ nome:\"GRAMADO - RUA S\u00c3O PEDRO\", url:\"https:\/\/tv.rbt.psi.br\/media\/n\/BZmZntm1y2GYoda0nJiW\/a\/playlist.m3u8\" }\r\n\r\n];\r\n\r\nconst container = document.getElementById(\"cameras\");\r\n\r\ncameras.forEach((cam,index)=>{\r\n\r\nconst div=document.createElement(\"div\");\r\ndiv.classList.add(\"camera\");\r\n\r\ndiv.innerHTML=`\r\n<h2>${cam.nome}<\/h2>\r\n<video id=\"video${index}\" controls autoplay muted playsinline><\/video>\r\n`;\r\n\r\ncontainer.appendChild(div);\r\n\r\nconst video=document.getElementById(`video${index}`);\r\n\r\nif(Hls.isSupported()){\r\nconst hls=new Hls({\r\nmaxBufferLength:30,\r\nliveSyncDurationCount:3\r\n});\r\n\r\nhls.loadSource(cam.url);\r\nhls.attachMedia(video);\r\n\r\n}else if(video.canPlayType('application\/vnd.apple.mpegurl')){\r\nvideo.src=cam.url;\r\n}\r\n\r\n\/* CLICK FULLSCREEN *\/\r\nvideo.addEventListener(\"click\",()=>{\r\nif(video.requestFullscreen){\r\nvideo.requestFullscreen();\r\n}else if(video.webkitRequestFullscreen){\r\nvideo.webkitRequestFullscreen();\r\n}else if(video.msRequestFullscreen){\r\nvideo.msRequestFullscreen();\r\n}\r\n});\r\n\r\n});\r\n\r\n<\/script>\t\t\t\t<\/div>\n\t\t\t\t<\/div>\n\t\t\t\t<\/div>\n\t\t\t\t<div class=\"elementor-element elementor-element-fa529dc elementor-widget__width-initial elementor-absolute elementor-widget elementor-widget-spacer\" data-id=\"fa529dc\" data-element_type=\"widget\" data-settings=\"{&quot;_position&quot;:&quot;absolute&quot;}\" data-widget_type=\"spacer.default\">\n\t\t\t\t\t\t\t<div class=\"elementor-spacer\">\n\t\t\t<div class=\"elementor-spacer-inner\"><\/div>\n\t\t<\/div>\n\t\t\t\t\t\t<\/div>\n\t\t\t\t<div class=\"elementor-element elementor-element-12ebc53 elementor-widget__width-initial elementor-absolute elementor-widget elementor-widget-spacer\" data-id=\"12ebc53\" data-element_type=\"widget\" data-settings=\"{&quot;_position&quot;:&quot;absolute&quot;}\" data-widget_type=\"spacer.default\">\n\t\t\t\t\t\t\t<div class=\"elementor-spacer\">\n\t\t\t<div class=\"elementor-spacer-inner\"><\/div>\n\t\t<\/div>\n\t\t\t\t\t\t<\/div>\n\t\t\t\t<div class=\"elementor-element elementor-element-19d44be elementor-widget__width-initial elementor-absolute elementor-widget elementor-widget-spacer\" data-id=\"19d44be\" data-element_type=\"widget\" data-settings=\"{&quot;_position&quot;:&quot;absolute&quot;}\" data-widget_type=\"spacer.default\">\n\t\t\t\t\t\t\t<div class=\"elementor-spacer\">\n\t\t\t<div class=\"elementor-spacer-inner\"><\/div>\n\t\t<\/div>\n\t\t\t\t\t\t<\/div>\n\t\t\t\t<\/div>\n\t\t\t\t<\/div>\n\t\t\t\t<\/div>\n\t\t\t\t\t<\/div>\n\t\t\t\t<\/div>\n\t\t\t\t<\/div>\n\t\t","protected":false},"excerpt":{"rendered":"<p>C\u00e2meras ao vivo C\u00e2meras ao Vivo na Regi\u00e3o da Serra Acompanhe em tempo real as imagens de Caxias do Sul e outras \u00e1reas da Serra Ga\u00facha. Transmiss\u00e3o cont\u00ednua para voc\u00ea ficar informado sobre clima, tr\u00e2nsito e condi\u00e7\u00f5es da regi\u00e3o. C\u00e2meras ao Vivo &#8211; JEANE<\/p>\n","protected":false},"author":1,"featured_media":0,"parent":0,"menu_order":0,"comment_status":"closed","ping_status":"closed","template":"","meta":{"footnotes":""},"class_list":["post-574","page","type-page","status-publish","hentry"],"_links":{"self":[{"href":"https:\/\/grupostudio93.com.br\/grupostudio93\/wp-json\/wp\/v2\/pages\/574","targetHints":{"allow":["GET"]}}],"collection":[{"href":"https:\/\/grupostudio93.com.br\/grupostudio93\/wp-json\/wp\/v2\/pages"}],"about":[{"href":"https:\/\/grupostudio93.com.br\/grupostudio93\/wp-json\/wp\/v2\/types\/page"}],"author":[{"embeddable":true,"href":"https:\/\/grupostudio93.com.br\/grupostudio93\/wp-json\/wp\/v2\/users\/1"}],"replies":[{"embeddable":true,"href":"https:\/\/grupostudio93.com.br\/grupostudio93\/wp-json\/wp\/v2\/comments?post=574"}],"version-history":[{"count":6,"href":"https:\/\/grupostudio93.com.br\/grupostudio93\/wp-json\/wp\/v2\/pages\/574\/revisions"}],"predecessor-version":[{"id":3147,"href":"https:\/\/grupostudio93.com.br\/grupostudio93\/wp-json\/wp\/v2\/pages\/574\/revisions\/3147"}],"wp:attachment":[{"href":"https:\/\/grupostudio93.com.br\/grupostudio93\/wp-json\/wp\/v2\/media?parent=574"}],"curies":[{"name":"wp","href":"https:\/\/api.w.org\/{rel}","templated":true}]}}