{"id":582,"date":"2025-11-26T18:25:33","date_gmt":"2025-11-26T21:25:33","guid":{"rendered":"https:\/\/grupostudio93.com.br\/grupostudio93\/?page_id=582"},"modified":"2026-04-27T14:01:39","modified_gmt":"2026-04-27T17:01:39","slug":"ingressos","status":"publish","type":"page","link":"https:\/\/grupostudio93.com.br\/grupostudio93\/ingressos\/","title":{"rendered":"Ingressos"},"content":{"rendered":"<style>.elementor-582 .elementor-element.elementor-element-b5f1150{--display:flex;--flex-direction:row;--container-widget-width:calc( ( 1 - var( --container-widget-flex-grow ) ) * 100% );--container-widget-height:100%;--container-widget-flex-grow:1;--container-widget-align-self:stretch;--flex-wrap-mobile:wrap;--align-items:stretch;--gap:10px 10px;--row-gap:10px;--column-gap:10px;--overlay-opacity:0.12;--margin-top:0px;--margin-bottom:0px;--margin-left:0px;--margin-right:0px;--padding-top:200px;--padding-bottom:200px;--padding-left:0px;--padding-right:0px;}.elementor-582 .elementor-element.elementor-element-b5f1150:not(.elementor-motion-effects-element-type-background), .elementor-582 .elementor-element.elementor-element-b5f1150 > .elementor-motion-effects-container > .elementor-motion-effects-layer{background-image:url(\"https:\/\/grupostudio93.com.br\/grupostudio93\/wp-content\/uploads\/2025\/11\/banner-ing.png\");background-position:center center;background-repeat:no-repeat;background-size:cover;}.elementor-582 .elementor-element.elementor-element-b5f1150::before, .elementor-582 .elementor-element.elementor-element-b5f1150 > .elementor-background-video-container::before, .elementor-582 .elementor-element.elementor-element-b5f1150 > .e-con-inner > .elementor-background-video-container::before, .elementor-582 .elementor-element.elementor-element-b5f1150 > .elementor-background-slideshow::before, .elementor-582 .elementor-element.elementor-element-b5f1150 > .e-con-inner > .elementor-background-slideshow::before, .elementor-582 .elementor-element.elementor-element-b5f1150 > .elementor-motion-effects-container > .elementor-motion-effects-layer::before{background-color:#000000;--background-overlay:'';}.elementor-582 .elementor-element.elementor-element-6714caf{--display:flex;--gap:0px 0px;--row-gap:0px;--column-gap:0px;--margin-top:0px;--margin-bottom:0px;--margin-left:0px;--margin-right:0px;--padding-top:0px;--padding-bottom:0px;--padding-left:0px;--padding-right:0px;}.elementor-582 .elementor-element.elementor-element-d748e00{text-align:center;}.elementor-582 .elementor-element.elementor-element-d748e00 .elementor-heading-title{font-family:var( --e-global-typography-79cd2c1-font-family ), Sans-serif;font-size:var( --e-global-typography-79cd2c1-font-size );font-weight:var( --e-global-typography-79cd2c1-font-weight );text-transform:var( --e-global-typography-79cd2c1-text-transform );line-height:var( --e-global-typography-79cd2c1-line-height );color:#FFFFFF;}.elementor-582 .elementor-element.elementor-element-4ed71d4{--display:flex;--flex-direction:row;--container-widget-width:initial;--container-widget-height:100%;--container-widget-flex-grow:1;--container-widget-align-self:stretch;--flex-wrap-mobile:wrap;--gap:0px 0px;--row-gap:0px;--column-gap:0px;--margin-top:50px;--margin-bottom:50px;--margin-left:0px;--margin-right:0px;}.elementor-582 .elementor-element.elementor-element-1b028bb{--display:flex;--flex-direction:column;--container-widget-width:100%;--container-widget-height:initial;--container-widget-flex-grow:0;--container-widget-align-self:initial;--flex-wrap-mobile:wrap;}.elementor-582 .elementor-element.elementor-element-1b028bb.e-con{--flex-grow:0;--flex-shrink:0;}.elementor-582 .elementor-element.elementor-element-074caf1{--display:flex;--flex-direction:column;--container-widget-width:100%;--container-widget-height:initial;--container-widget-flex-grow:0;--container-widget-align-self:initial;--flex-wrap-mobile:wrap;}.elementor-582 .elementor-element.elementor-element-c43bb5f{font-size:16px;color:#000000;}.elementor-582 .elementor-element.elementor-element-c43bb5f a{color:#CF3B3B;}@media(max-width:1116px){.elementor-582 .elementor-element.elementor-element-b5f1150{--margin-top:0px;--margin-bottom:0px;--margin-left:0px;--margin-right:0px;--padding-top:150px;--padding-bottom:120px;--padding-left:0px;--padding-right:0px;}.elementor-582 .elementor-element.elementor-element-d748e00 .elementor-heading-title{font-size:var( --e-global-typography-79cd2c1-font-size );line-height:var( --e-global-typography-79cd2c1-line-height );}}@media(max-width:767px){.elementor-582 .elementor-element.elementor-element-b5f1150{--margin-top:0px;--margin-bottom:0px;--margin-left:0px;--margin-right:0px;--padding-top:150px;--padding-bottom:100px;--padding-left:0px;--padding-right:0px;}.elementor-582 .elementor-element.elementor-element-d748e00{margin:0px 20px calc(var(--kit-widget-spacing, 0px) + 0px) 20px;padding:0px 0px 0px 0px;}.elementor-582 .elementor-element.elementor-element-d748e00 .elementor-heading-title{font-size:var( --e-global-typography-79cd2c1-font-size );line-height:var( --e-global-typography-79cd2c1-line-height );}}@media(min-width:768px){.elementor-582 .elementor-element.elementor-element-1b028bb{--width:50%;}.elementor-582 .elementor-element.elementor-element-074caf1{--width:50%;}}@media(max-width:1116px) and (min-width:768px){.elementor-582 .elementor-element.elementor-element-1b028bb{--width:403px;}}<\/style>\t\t<div data-elementor-type=\"wp-page\" data-elementor-id=\"582\" class=\"elementor elementor-582\" data-elementor-settings=\"{&quot;jkit_pro_custom_cursor_toggle&quot;:false}\" data-elementor-post-type=\"page\">\n\t\t\t\t<div class=\"elementor-element elementor-element-b5f1150 e-flex e-con-boxed e-con e-parent\" data-id=\"b5f1150\" data-element_type=\"container\" data-settings=\"{&quot;background_background&quot;:&quot;classic&quot;,&quot;jkit_pro_background_motion_effects_toggle&quot;:0,&quot;jkit_pro_custom_cursor_toggle&quot;:false,&quot;jkit_pro_parallax_effects_toggle&quot;:0,&quot;jkit_pro_mouse_effects_toggle&quot;:0}\">\n\t\t\t\t\t<div class=\"e-con-inner\">\n\t\t<div class=\"elementor-element elementor-element-6714caf e-con-full e-flex elementor-invisible e-con e-child\" data-id=\"6714caf\" data-element_type=\"container\" data-settings=\"{&quot;animation&quot;:&quot;fadeIn&quot;,&quot;jkit_pro_background_motion_effects_toggle&quot;:0,&quot;jkit_pro_custom_cursor_toggle&quot;:false,&quot;jkit_pro_parallax_effects_toggle&quot;:0,&quot;jkit_pro_mouse_effects_toggle&quot;:0}\">\n\t\t\t\t<div class=\"elementor-element elementor-element-d748e00 elementor-widget elementor-widget-heading\" data-id=\"d748e00\" data-element_type=\"widget\" data-widget_type=\"heading.default\">\n\t\t\t\t\t<h2 class=\"elementor-heading-title elementor-size-default\">Ingressos<\/h2>\t\t\t\t<\/div>\n\t\t\t\t<\/div>\n\t\t\t\t\t<\/div>\n\t\t\t\t<\/div>\n\t\t<div class=\"elementor-element elementor-element-4ed71d4 e-flex e-con-boxed e-con e-parent\" data-id=\"4ed71d4\" data-element_type=\"container\" data-settings=\"{&quot;jkit_pro_background_motion_effects_toggle&quot;:0,&quot;jkit_pro_custom_cursor_toggle&quot;:false,&quot;jkit_pro_parallax_effects_toggle&quot;:0,&quot;jkit_pro_mouse_effects_toggle&quot;:0}\">\n\t\t\t\t\t<div class=\"e-con-inner\">\n\t\t<div class=\"elementor-element elementor-element-1b028bb e-con-full e-flex e-con e-child\" data-id=\"1b028bb\" data-element_type=\"container\" data-settings=\"{&quot;jkit_pro_background_motion_effects_toggle&quot;:0,&quot;jkit_pro_custom_cursor_toggle&quot;:false,&quot;jkit_pro_parallax_effects_toggle&quot;:0,&quot;jkit_pro_mouse_effects_toggle&quot;:0}\">\n\t\t\t\t<div class=\"elementor-element elementor-element-24694a1 elementor-widget elementor-widget-image\" data-id=\"24694a1\" data-element_type=\"widget\" data-widget_type=\"image.default\">\n\t\t\t\t\t\t\t\t\t\t\t\t\t\t\t\t<a href=\"https:\/\/www.uniticket.com.br\/eventos\/lovepartystudio93\" target=\"_blank\">\n\t\t\t\t\t\t\t<img fetchpriority=\"high\" decoding=\"async\" width=\"800\" height=\"800\" src=\"https:\/\/grupostudio93.com.br\/grupostudio93\/wp-content\/uploads\/2026\/04\/WhatsApp-Image-2026-04-27-at-11.39.29-1024x1024.jpeg\" class=\"attachment-large size-large wp-image-3215\" alt=\"\" srcset=\"https:\/\/grupostudio93.com.br\/grupostudio93\/wp-content\/uploads\/2026\/04\/WhatsApp-Image-2026-04-27-at-11.39.29-1024x1024.jpeg 1024w, https:\/\/grupostudio93.com.br\/grupostudio93\/wp-content\/uploads\/2026\/04\/WhatsApp-Image-2026-04-27-at-11.39.29-300x300.jpeg 300w, https:\/\/grupostudio93.com.br\/grupostudio93\/wp-content\/uploads\/2026\/04\/WhatsApp-Image-2026-04-27-at-11.39.29-150x150.jpeg 150w, https:\/\/grupostudio93.com.br\/grupostudio93\/wp-content\/uploads\/2026\/04\/WhatsApp-Image-2026-04-27-at-11.39.29-768x768.jpeg 768w, https:\/\/grupostudio93.com.br\/grupostudio93\/wp-content\/uploads\/2026\/04\/WhatsApp-Image-2026-04-27-at-11.39.29-1536x1536.jpeg 1536w, https:\/\/grupostudio93.com.br\/grupostudio93\/wp-content\/uploads\/2026\/04\/WhatsApp-Image-2026-04-27-at-11.39.29.jpeg 1600w\" sizes=\"(max-width: 800px) 100vw, 800px\" \/>\t\t\t\t\t\t\t\t<\/a>\n\t\t\t\t\t\t\t\t\t\t\t\t\t\t\t<\/div>\n\t\t\t\t<\/div>\n\t\t<div class=\"elementor-element elementor-element-074caf1 e-con-full e-flex e-con e-child\" data-id=\"074caf1\" data-element_type=\"container\" data-settings=\"{&quot;jkit_pro_background_motion_effects_toggle&quot;:0,&quot;jkit_pro_custom_cursor_toggle&quot;:false,&quot;jkit_pro_parallax_effects_toggle&quot;:0,&quot;jkit_pro_mouse_effects_toggle&quot;:0}\">\n\t\t\t\t<div class=\"elementor-element elementor-element-c43bb5f elementor-widget elementor-widget-text-editor\" data-id=\"c43bb5f\" data-element_type=\"widget\" data-widget_type=\"text-editor.default\">\n\t\t\t\t\t\t\t\t\t<p><strong>FESTA DO AMOR \u2013 DIA DOS NAMORADOS DA STUDIO93<\/strong><\/p><p>Prepare-se para uma noite inesquec\u00edvel!<\/p><p>12 de Junho dia dos Namorados<br \/>A partir das 20h<\/p><p><strong>CONVITE EXCLUSIVO POR CASAL<\/strong>, antecipado com combo gastron\u00f4mico. <span style=\"color: #ff0000;\">(N\u00e3o venderemos igressos na hora)<\/span><\/p><p><br \/>San Peter Music Hall \u2013 no centro de Caxias do Sul (Clube Juvenil)<\/p><p>Uma viagem musical com o melhor dos anos 70, 80 e 90, embalada por:<br \/>Beto GG DJ e Luiz Eduardo do Special Way<\/p><p>Com as mais dan\u00e7antes e rom\u00e2nticas para celebrar o amor!<\/p><p>E tem mais: Durante o evento teremos deliciosa gastronomia, com combo de pizza e diversos quitutes especiais servidos a nossos casais durante a noite, e ainda presentes especiais e brinde com champanhe tudo isso no pacote do valor. E tamb\u00e9m um lugar especial reservado para nossos casais.<\/p><p>Garanta seu lugar e venha viver uma noite cheia de m\u00fasica, nostalgia e muito amor!<\/p><p><a href=\"https:\/\/www.uniticket.com.br\/eventos\/lovepartystudio93\">Compre seu ingresso aqui!<\/a><\/p><p>\u00a0<\/p>\t\t\t\t\t\t\t\t<\/div>\n\t\t\t\t<\/div>\n\t\t\t\t\t<\/div>\n\t\t\t\t<\/div>\n\t\t\t\t<\/div>\n\t\t","protected":false},"excerpt":{"rendered":"<p>Ingressos FESTA DO AMOR \u2013 DIA DOS NAMORADOS DA STUDIO93 Prepare-se para uma noite inesquec\u00edvel! 12 de Junho dia dos NamoradosA partir das 20h CONVITE EXCLUSIVO POR CASAL, antecipado com combo gastron\u00f4mico. (N\u00e3o venderemos igressos na hora) San Peter Music Hall \u2013 no centro de Caxias do Sul (Clube Juvenil) Uma viagem musical com o [&hellip;]<\/p>\n","protected":false},"author":1,"featured_media":0,"parent":0,"menu_order":0,"comment_status":"closed","ping_status":"closed","template":"","meta":{"footnotes":""},"class_list":["post-582","page","type-page","status-publish","hentry"],"_links":{"self":[{"href":"https:\/\/grupostudio93.com.br\/grupostudio93\/wp-json\/wp\/v2\/pages\/582","targetHints":{"allow":["GET"]}}],"collection":[{"href":"https:\/\/grupostudio93.com.br\/grupostudio93\/wp-json\/wp\/v2\/pages"}],"about":[{"href":"https:\/\/grupostudio93.com.br\/grupostudio93\/wp-json\/wp\/v2\/types\/page"}],"author":[{"embeddable":true,"href":"https:\/\/grupostudio93.com.br\/grupostudio93\/wp-json\/wp\/v2\/users\/1"}],"replies":[{"embeddable":true,"href":"https:\/\/grupostudio93.com.br\/grupostudio93\/wp-json\/wp\/v2\/comments?post=582"}],"version-history":[{"count":31,"href":"https:\/\/grupostudio93.com.br\/grupostudio93\/wp-json\/wp\/v2\/pages\/582\/revisions"}],"predecessor-version":[{"id":3221,"href":"https:\/\/grupostudio93.com.br\/grupostudio93\/wp-json\/wp\/v2\/pages\/582\/revisions\/3221"}],"wp:attachment":[{"href":"https:\/\/grupostudio93.com.br\/grupostudio93\/wp-json\/wp\/v2\/media?parent=582"}],"curies":[{"name":"wp","href":"https:\/\/api.w.org\/{rel}","templated":true}]}}